{"id":4563,"date":"2024-12-30T12:37:10","date_gmt":"2024-12-30T12:37:10","guid":{"rendered":"https:\/\/testsystem.medicine-beauty.ch\/actualites\/"},"modified":"2026-04-30T13:26:54","modified_gmt":"2026-04-30T13:26:54","slug":"actualites","status":"publish","type":"page","link":"https:\/\/medicine-beauty.ch\/fr\/actualites\/","title":{"rendered":"Actua\u00adli\u00adt\u00e9s"},"content":{"rendered":"\t\t<div data-elementor-type=\"wp-page\" data-elementor-id=\"4563\" class=\"elementor elementor-4563 elementor-4501\" data-elementor-post-type=\"page\">\n\t\t\t\t\t\t<section class=\"elementor-section elementor-top-section elementor-element elementor-element-4d27cf4 elementor-section-height-min-height elementor-section-boxed elementor-section-height-default elementor-section-items-middle\" data-id=\"4d27cf4\" data-element_type=\"section\" data-e-type=\"section\" id=\"top-section\" data-settings=\"{&quot;background_background&quot;:&quot;classic&quot;}\">\n\t\t\t\t\t\t\t<div class=\"elementor-background-overlay\"><\/div>\n\t\t\t\t\t\t\t<div class=\"elementor-container elementor-column-gap-default\">\n\t\t\t\t\t<div class=\"elementor-column elementor-col-100 elementor-top-column elementor-element elementor-element-a839cec\" data-id=\"a839cec\" data-element_type=\"column\" data-e-type=\"column\">\n\t\t\t<div class=\"elementor-widget-wrap elementor-element-populated\">\n\t\t\t\t\t\t<div class=\"elementor-element elementor-element-6f39a11 elementor-widget elementor-widget-heading\" data-id=\"6f39a11\" data-element_type=\"widget\" data-e-type=\"widget\" data-widget_type=\"heading.default\">\n\t\t\t\t<div class=\"elementor-widget-container\">\n\t\t\t\t\t<h1 class=\"elementor-heading-title elementor-size-default\">Actua\u00adli\u00adt\u00e9s<\/h1>\t\t\t\t<\/div>\n\t\t\t\t<\/div>\n\t\t\t\t\t<\/div>\n\t\t<\/div>\n\t\t\t\t\t<\/div>\n\t\t<\/section>\n\t\t\t\t<section class=\"elementor-section elementor-top-section elementor-element elementor-element-d5447fc elementor-section-boxed elementor-section-height-default elementor-section-height-default\" data-id=\"d5447fc\" data-element_type=\"section\" data-e-type=\"section\" data-settings=\"{&quot;background_background&quot;:&quot;classic&quot;}\">\n\t\t\t\t\t\t\t<div class=\"elementor-background-overlay\"><\/div>\n\t\t\t\t\t\t\t<div class=\"elementor-container elementor-column-gap-default\">\n\t\t\t\t\t<div class=\"elementor-column elementor-col-100 elementor-top-column elementor-element elementor-element-fdc419b\" data-id=\"fdc419b\" data-element_type=\"column\" data-e-type=\"column\" data-settings=\"{&quot;background_background&quot;:&quot;classic&quot;}\">\n\t\t\t<div class=\"elementor-widget-wrap elementor-element-populated\">\n\t\t\t\t\t\t<div class=\"elementor-element elementor-element-f3164e2 elementor-widget elementor-widget-heading\" data-id=\"f3164e2\" data-element_type=\"widget\" data-e-type=\"widget\" data-widget_type=\"heading.default\">\n\t\t\t\t<div class=\"elementor-widget-container\">\n\t\t\t\t\t<h2 class=\"elementor-heading-title elementor-size-default\">Actua\u00adli\u00adt\u00e9s sur le Botox, le traite\u00adment des rides et la long\u00e9vit\u00e9<\/h2>\t\t\t\t<\/div>\n\t\t\t\t<\/div>\n\t\t\t\t<div class=\"elementor-element elementor-element-d3ff691 elementor-widget elementor-widget-text-editor\" data-id=\"d3ff691\" data-element_type=\"widget\" data-e-type=\"widget\" data-widget_type=\"text-editor.default\">\n\t\t\t\t<div class=\"elementor-widget-container\">\n\t\t\t\t\t\t\t\t\t<p data-start=\"117\" data-end=\"469\">Sur notre blog, vous trouverez des <strong>articles r\u00e9cents consacr\u00e9s \u00e0&nbsp;la m\u00e9decine esth\u00e9\u00adtique<\/strong>, aux m\u00e9thodes de traite\u00adment modernes et \u00e0&nbsp;la long\u00e9vit\u00e9. Nous abordons des sujets qui pr\u00e9oc\u00adcup\u00adent de nombreux patients, des traite\u00adments classi\u00adques des rides au <span style=\"text-decoration: underline;\"><a href=\"https:\/\/medicine-beauty.ch\/fr\/botox\/\">Botox<\/a><\/span> ou \u00e0&nbsp;<span style=\"text-decoration: underline;\"><a href=\"https:\/\/medicine-beauty.ch\/fr\/injection-de-rides\/\">l'acide hyalu\u00adro\u00adni\u00adque<\/a><\/span> jusqu'aux <a href=\"https:\/\/medicine-beauty.ch\/fr\/hormones-bio-identiques\/\"><span style=\"text-decoration: underline;\">nouvelles approches<\/span><\/a> pour une apparence saine et naturelle.&nbsp;<\/p><p data-start=\"471\" data-end=\"750\">Nous accordons une grande importance \u00e0&nbsp;la <strong>clart\u00e9 et \u00e0&nbsp;la rigueur de nos infor\u00adma\u00adti\u00adons <\/strong>: quel traite\u00adment est le plus adapt\u00e9 ? Combien de temps les r\u00e9sultats durent-ils ? Quelles sont les diff\u00e9\u00adren\u00adces selon la zone trait\u00e9e ou la m\u00e9thode utilis\u00e9e ? Nos contenus vous guident et vous aident \u00e0&nbsp;formuler des attentes r\u00e9alistes.&nbsp;<\/p><p data-start=\"752\" data-end=\"1014\">Outre les traite\u00adments sp\u00e9ci\u00adfi\u00adques, nous abordons \u00e9galement des th\u00e8mes g\u00e9n\u00e9raux tels que le vieil\u00adlis\u00adse\u00adment cutan\u00e9, la pr\u00e9ven\u00adtion et les strat\u00e9\u00adgies \u00e0&nbsp;long terme pour conserver une apparence fra\u00eeche et harmo\u00adnieuse. Tous nos articles s'appuient sur <strong>notre exp\u00e9ri\u00adence m\u00e9dicale et les derni\u00e8res d\u00e9cou\u00adver\u00adtes issues<\/strong> de notre cabinet \u00e0&nbsp;Zurich.&nbsp;<\/p>\t\t\t\t\t\t\t\t<\/div>\n\t\t\t\t<\/div>\n\t\t\t\t<div class=\"elementor-element elementor-element-f655094 elementor-grid-3 elementor-grid-tablet-2 elementor-grid-mobile-1 elementor-posts--thumbnail-top elementor-widget elementor-widget-posts\" data-id=\"f655094\" data-element_type=\"widget\" data-e-type=\"widget\" data-settings=\"{&quot;pagination_type&quot;:&quot;numbers&quot;,&quot;classic_columns&quot;:&quot;3&quot;,&quot;classic_columns_tablet&quot;:&quot;2&quot;,&quot;classic_columns_mobile&quot;:&quot;1&quot;,&quot;classic_row_gap&quot;:{&quot;unit&quot;:&quot;px&quot;,&quot;size&quot;:35,&quot;sizes&quot;:[]},&quot;classic_row_gap_tablet&quot;:{&quot;unit&quot;:&quot;px&quot;,&quot;size&quot;:&quot;&quot;,&quot;sizes&quot;:[]},&quot;classic_row_gap_mobile&quot;:{&quot;unit&quot;:&quot;px&quot;,&quot;size&quot;:&quot;&quot;,&quot;sizes&quot;:[]}}\" data-widget_type=\"posts.classic\">\n\t\t\t\t<div class=\"elementor-widget-container\">\n\t\t\t\t\t\t\t<div class=\"elementor-posts-container elementor-posts elementor-posts--skin-classic elementor-grid\" role=\"list\">\n\t\t\t\t<article class=\"elementor-post elementor-grid-item post-5556 post type-post status-publish format-standard has-post-thumbnail hentry category-botox\" role=\"listitem\">\n\t\t\t\t<a class=\"elementor-post__thumbnail__link\" href=\"https:\/\/medicine-beauty.ch\/fr\/se-debarrasser-des-rides-du-lion-ce-qui-fonctionne-vraiment-et-quels-traitements-sont-efficaces\/\" tabindex=\"-1\">\n\t\t\t<div class=\"elementor-post__thumbnail\"><img fetchpriority=\"high\" decoding=\"async\" width=\"768\" height=\"499\" src=\"https:\/\/medicine-beauty.ch\/wp-content\/uploads\/2026\/02\/zornesfalte-loswerden-botox-zuerich-768x499.jpg\" class=\"attachment-medium_large size-medium_large wp-image-5552\" alt=\"zornesfalte-loswerden-botox-zuerich\" srcset=\"https:\/\/medicine-beauty.ch\/wp-content\/uploads\/2026\/02\/zornesfalte-loswerden-botox-zuerich-768x499.jpg 768w, https:\/\/medicine-beauty.ch\/wp-content\/uploads\/2026\/02\/zornesfalte-loswerden-botox-zuerich-300x195.jpg 300w, https:\/\/medicine-beauty.ch\/wp-content\/uploads\/2026\/02\/zornesfalte-loswerden-botox-zuerich.jpg 1000w\" sizes=\"(max-width: 768px) 100vw, 768px\"><\/div>\n\t\t<\/a>\n\t\t\t\t<div class=\"elementor-post__text\">\n\t\t\t\t<h2 class=\"elementor-post__title\">\n\t\t\t<a href=\"https:\/\/medicine-beauty.ch\/fr\/se-debarrasser-des-rides-du-lion-ce-qui-fonctionne-vraiment-et-quels-traitements-sont-efficaces\/\">\n\t\t\t\tSe d\u00e9bar\u00adras\u00adser des rides du lion : ce qui fonctionne vraiment et quels traite\u00adments sont efficaces&nbsp;<\/a>\n\t\t<\/h2>\n\t\t\t\t<div class=\"elementor-post__meta-data\">\n\t\t\t\t\t<span class=\"elementor-post-author\">\n\t\t\tDr. med. Peter&nbsp;Dietz&nbsp;<\/span>\n\t\t\t\t<span class=\"elementor-post-date\">\n\t\t\t10 f\u00e9vrier&nbsp;2026&nbsp;<\/span>\n\t\t\t\t<\/div>\n\t\t\t\t<div class=\"elementor-post__excerpt\">\n\t\t\t<p>Beaucoup de personnes souhai\u00adtent se d\u00e9bar\u00adras\u00adser de leur ride du lion, car celle-ci donne \u00e0&nbsp;leur visage une expres\u00adsion s\u00e9v\u00e8re, fatigu\u00e9e ou tendue en perma\u00adnence. La ride du lion appara\u00eet g\u00e9n\u00e9ra\u00adle\u00adment entre les sourcils et peut rester visible m\u00eame lorsque&nbsp;le<\/p>\n\t\t<\/div>\n\t\t\n\t\t<a class=\"elementor-post__read-more\" href=\"https:\/\/medicine-beauty.ch\/fr\/se-debarrasser-des-rides-du-lion-ce-qui-fonctionne-vraiment-et-quels-traitements-sont-efficaces\/\" aria-label=\"En savoir plus sur Se d\u00e9bar\u00adras\u00adser des rides du lion : ce qui fonctionne vraiment et quels traite\u00adments sont efficaces\" tabindex=\"-1\">\n\t\t\tLire la&nbsp;suite&nbsp;\"&nbsp;<\/a>\n\n\t\t\t\t<\/div>\n\t\t\t\t<\/article>\n\t\t\t\t<article class=\"elementor-post elementor-grid-item post-4740 post type-post status-publish format-standard has-post-thumbnail hentry category-non-classifiee\" role=\"listitem\">\n\t\t\t\t<a class=\"elementor-post__thumbnail__link\" href=\"https:\/\/medicine-beauty.ch\/fr\/beau-intelligent-intelligent-un-homme-schoen-smart-ein-mann\/\" tabindex=\"-1\">\n\t\t\t<div class=\"elementor-post__thumbnail\"><img decoding=\"async\" width=\"650\" height=\"450\" src=\"https:\/\/medicine-beauty.ch\/wp-content\/uploads\/2025\/01\/bonanza-titelbild-fr.jpg\" class=\"attachment-medium_large size-medium_large wp-image-4739\" alt=\"bonanza-titelbild-fr\" srcset=\"https:\/\/medicine-beauty.ch\/wp-content\/uploads\/2025\/01\/bonanza-titelbild-fr.jpg 650w, https:\/\/medicine-beauty.ch\/wp-content\/uploads\/2025\/01\/bonanza-titelbild-fr-300x208.jpg 300w\" sizes=\"(max-width: 650px) 100vw, 650px\"><\/div>\n\t\t<\/a>\n\t\t\t\t<div class=\"elementor-post__text\">\n\t\t\t\t<h2 class=\"elementor-post__title\">\n\t\t\t<a href=\"https:\/\/medicine-beauty.ch\/fr\/beau-intelligent-intelligent-un-homme-schoen-smart-ein-mann\/\">\n\t\t\t\tBeau. Intel\u00adli\u00adgent. Un&nbsp;homme.&nbsp;<\/a>\n\t\t<\/h2>\n\t\t\t\t<div class=\"elementor-post__meta-data\">\n\t\t\t\t\t<span class=\"elementor-post-author\">\n\t\t\twebmaster&nbsp;<\/span>\n\t\t\t\t<span class=\"elementor-post-date\">\n\t\t\t28 janvier&nbsp;2025&nbsp;<\/span>\n\t\t\t\t<\/div>\n\t\t\t\t<div class=\"elementor-post__excerpt\">\n\t\t\t<p>Moi, toi (ou vous), l'un d'entre nous. Nous vieil\u00adlis\u00adsons, nos tailles de v\u00eatements augmen\u00adtent, notre p\u00e9til\u00adlance s'\u00e9vapore peu \u00e0&nbsp;peu. Les jeunes femmes voient \u00e0&nbsp;travers nous. Que pouvons-nous faire ? Bien s\u00fbr, don't fight the inevi\u00adta\u00adble - mais rester en&nbsp;forme,<\/p>\n\t\t<\/div>\n\t\t\n\t\t<a class=\"elementor-post__read-more\" href=\"https:\/\/medicine-beauty.ch\/fr\/beau-intelligent-intelligent-un-homme-schoen-smart-ein-mann\/\" aria-label=\"En savoir plus sur Beau. Intel\u00adli\u00adgent. Un&nbsp;homme.\" tabindex=\"-1\">\n\t\t\tLire la&nbsp;suite&nbsp;\"&nbsp;<\/a>\n\n\t\t\t\t<\/div>\n\t\t\t\t<\/article>\n\t\t\t\t<\/div>\n\t\t\n\t\t\t\t\t\t<\/div>\n\t\t\t\t<\/div>\n\t\t\t\t\t<\/div>\n\t\t<\/div>\n\t\t\t\t\t<\/div>\n\t\t<\/section>\n\t\t\t\t<\/div>\n\t\t","protected":false},"excerpt":{"rendered":"<p>Actua\u00adli\u00adt\u00e9s Actua\u00adli\u00adt\u00e9s sur le Botox, le traite\u00adment des rides et la long\u00e9vit\u00e9 Sur notre blog, vous trouverez des articles r\u00e9cents consacr\u00e9s \u00e0&nbsp;la m\u00e9decine esth\u00e9\u00adtique, aux m\u00e9thodes de traite\u00adment modernes et \u00e0&nbsp;la long\u00e9vit\u00e9. Nous abordons des sujets qui pr\u00e9oc\u00adcup\u00adent de nombreux patients, des traite\u00adments classi\u00adques des rides au Botox ou \u00e0&nbsp;l'acide hyalu\u00adro\u00adni\u00adque jusqu'aux nouvelles approches&nbsp;pour&nbsp;[\u2026]<\/p>\n","protected":false},"author":1,"featured_media":0,"parent":0,"menu_order":0,"comment_status":"closed","ping_status":"closed","template":"","meta":{"wp_typography_post_enhancements_disabled":false,"footnotes":""},"class_list":["post-4563","page","type-page","status-publish","hentry"],"_links":{"self":[{"href":"https:\/\/medicine-beauty.ch\/fr\/wp-json\/wp\/v2\/pages\/4563","targetHints":{"allow":["GET"]}}],"collection":[{"href":"https:\/\/medicine-beauty.ch\/fr\/wp-json\/wp\/v2\/pages"}],"about":[{"href":"https:\/\/medicine-beauty.ch\/fr\/wp-json\/wp\/v2\/types\/page"}],"author":[{"embeddable":true,"href":"https:\/\/medicine-beauty.ch\/fr\/wp-json\/wp\/v2\/users\/1"}],"replies":[{"embeddable":true,"href":"https:\/\/medicine-beauty.ch\/fr\/wp-json\/wp\/v2\/comments?post=4563"}],"version-history":[{"count":5,"href":"https:\/\/medicine-beauty.ch\/fr\/wp-json\/wp\/v2\/pages\/4563\/revisions"}],"predecessor-version":[{"id":6123,"href":"https:\/\/medicine-beauty.ch\/fr\/wp-json\/wp\/v2\/pages\/4563\/revisions\/6123"}],"wp:attachment":[{"href":"https:\/\/medicine-beauty.ch\/fr\/wp-json\/wp\/v2\/media?parent=4563"}],"curies":[{"name":"wp","href":"https:\/\/api.w.org\/{rel}","templated":true}]}}