{"id":4268,"date":"2024-12-12T12:15:09","date_gmt":"2024-12-12T12:15:09","guid":{"rendered":"https:\/\/testsystem.medicine-beauty.ch\/contact\/"},"modified":"2024-12-23T15:37:31","modified_gmt":"2024-12-23T15:37:31","slug":"contact","status":"publish","type":"page","link":"https:\/\/medicine-beauty.ch\/fr\/contact\/","title":{"rendered":"Contact"},"content":{"rendered":"\t\t<div data-elementor-type=\"wp-page\" data-elementor-id=\"4268\" class=\"elementor elementor-4268 elementor-4018\" data-elementor-post-type=\"page\">\n\t\t\t\t\t\t<section class=\"elementor-section elementor-top-section elementor-element elementor-element-07ac8d5 elementor-section-height-min-height elementor-section-boxed elementor-section-height-default elementor-section-items-middle\" data-id=\"07ac8d5\" data-element_type=\"section\" data-e-type=\"section\" id=\"top-section\" data-settings=\"{&quot;background_background&quot;:&quot;classic&quot;}\">\n\t\t\t\t\t\t\t<div class=\"elementor-background-overlay\"><\/div>\n\t\t\t\t\t\t\t<div class=\"elementor-container elementor-column-gap-default\">\n\t\t\t\t\t<div class=\"elementor-column elementor-col-100 elementor-top-column elementor-element elementor-element-9a0446e\" data-id=\"9a0446e\" data-element_type=\"column\" data-e-type=\"column\">\n\t\t\t<div class=\"elementor-widget-wrap elementor-element-populated\">\n\t\t\t\t\t\t<div class=\"elementor-element elementor-element-58f01f8 elementor-widget elementor-widget-heading\" data-id=\"58f01f8\" data-element_type=\"widget\" data-e-type=\"widget\" data-widget_type=\"heading.default\">\n\t\t\t\t<div class=\"elementor-widget-container\">\n\t\t\t\t\t<h1 class=\"elementor-heading-title elementor-size-default\">Contact<\/h1>\t\t\t\t<\/div>\n\t\t\t\t<\/div>\n\t\t\t\t\t<\/div>\n\t\t<\/div>\n\t\t\t\t\t<\/div>\n\t\t<\/section>\n\t\t\t\t<section class=\"elementor-section elementor-top-section elementor-element elementor-element-9c61b3c elementor-section-boxed elementor-section-height-default elementor-section-height-default\" data-id=\"9c61b3c\" data-element_type=\"section\" data-e-type=\"section\" data-settings=\"{&quot;background_background&quot;:&quot;classic&quot;}\">\n\t\t\t\t\t\t\t<div class=\"elementor-background-overlay\"><\/div>\n\t\t\t\t\t\t\t<div class=\"elementor-container elementor-column-gap-default\">\n\t\t\t\t\t<div class=\"elementor-column elementor-col-100 elementor-top-column elementor-element elementor-element-4613770\" data-id=\"4613770\" data-element_type=\"column\" data-e-type=\"column\">\n\t\t\t<div class=\"elementor-widget-wrap elementor-element-populated\">\n\t\t\t\t\t\t<div class=\"elementor-element elementor-element-a25a197 elementor-widget elementor-widget-image\" data-id=\"a25a197\" data-element_type=\"widget\" data-e-type=\"widget\" data-widget_type=\"image.default\">\n\t\t\t\t<div class=\"elementor-widget-container\">\n\t\t\t\t\t\t\t\t\t\t\t\t\t\t\t<img fetchpriority=\"high\" decoding=\"async\" width=\"800\" height=\"77\" src=\"https:\/\/medicine-beauty.ch\/wp-content\/uploads\/2024\/12\/logo-medicine-and-beauty-ag-1024x98.png\" class=\"attachment-large size-large wp-image-4150\" alt=\"logo-medicine-and-beauty-ag\" srcset=\"https:\/\/medicine-beauty.ch\/wp-content\/uploads\/2024\/12\/logo-medicine-and-beauty-ag-1024x98.png 1024w, https:\/\/medicine-beauty.ch\/wp-content\/uploads\/2024\/12\/logo-medicine-and-beauty-ag-300x29.png 300w, https:\/\/medicine-beauty.ch\/wp-content\/uploads\/2024\/12\/logo-medicine-and-beauty-ag-768x74.png 768w, https:\/\/medicine-beauty.ch\/wp-content\/uploads\/2024\/12\/logo-medicine-and-beauty-ag-1536x147.png 1536w, https:\/\/medicine-beauty.ch\/wp-content\/uploads\/2024\/12\/logo-medicine-and-beauty-ag-2048x197.png 2048w\" sizes=\"(max-width: 800px) 100vw, 800px\">\t\t\t\t\t\t\t\t\t\t\t\t\t\t\t<\/div>\n\t\t\t\t<\/div>\n\t\t\t\t<div class=\"elementor-element elementor-element-d9cfcc4 elementor-widget elementor-widget-heading\" data-id=\"d9cfcc4\" data-element_type=\"widget\" data-e-type=\"widget\" data-widget_type=\"heading.default\">\n\t\t\t\t<div class=\"elementor-widget-container\">\n\t\t\t\t\t<h3 class=\"elementor-heading-title elementor-size-default\">Institut de m\u00e9decine esth\u00e9\u00adtique, anti-\u00e2ge et chirurgie esth\u00e9tique<\/h3>\t\t\t\t<\/div>\n\t\t\t\t<\/div>\n\t\t\t\t<div class=\"elementor-element elementor-element-fbe9777 elementor-widget elementor-widget-heading\" data-id=\"fbe9777\" data-element_type=\"widget\" data-e-type=\"widget\" data-widget_type=\"heading.default\">\n\t\t\t\t<div class=\"elementor-widget-container\">\n\t\t\t\t\t<h3 class=\"elementor-heading-title elementor-size-default\">Dr. med. Peter L. Dietz<br> Am R\u00f6merhof,&nbsp;Zurich<\/h3>\t\t\t\t<\/div>\n\t\t\t\t<\/div>\n\t\t\t\t<section class=\"elementor-section elementor-inner-section elementor-element elementor-element-913fdf4 elementor-section-boxed elementor-section-height-default elementor-section-height-default\" data-id=\"913fdf4\" data-element_type=\"section\" data-e-type=\"section\">\n\t\t\t\t\t\t<div class=\"elementor-container elementor-column-gap-default\">\n\t\t\t\t\t<div class=\"elementor-column elementor-col-33 elementor-inner-column elementor-element elementor-element-191e314\" data-id=\"191e314\" data-element_type=\"column\" data-e-type=\"column\">\n\t\t\t<div class=\"elementor-widget-wrap elementor-element-populated\">\n\t\t\t\t\t\t<div class=\"elementor-element elementor-element-c6a2908 elementor-view-default elementor-widget elementor-widget-icon\" data-id=\"c6a2908\" data-element_type=\"widget\" data-e-type=\"widget\" data-widget_type=\"icon.default\">\n\t\t\t\t<div class=\"elementor-widget-container\">\n\t\t\t\t\t\t\t<div class=\"elementor-icon-wrapper\">\n\t\t\t<div class=\"elementor-icon\">\n\t\t\t<i aria-hidden=\"true\" class=\"fas fa-map-pin\"><\/i>\t\t\t<\/div>\n\t\t<\/div>\n\t\t\t\t\t\t<\/div>\n\t\t\t\t<\/div>\n\t\t\t\t<div class=\"elementor-element elementor-element-81cc061 elementor-widget elementor-widget-text-editor\" data-id=\"81cc061\" data-element_type=\"widget\" data-e-type=\"widget\" data-widget_type=\"text-editor.default\">\n\t\t\t\t<div class=\"elementor-widget-container\">\n\t\t\t\t\t\t\t\t\t<p><strong>Klosbach\u00adstrasse 106<\/strong><br><strong>8032 Zurich,&nbsp;Suisse<\/strong><\/p>\n\t\t\t\t\t\t\t\t<\/div>\n\t\t\t\t<\/div>\n\t\t\t\t\t<\/div>\n\t\t<\/div>\n\t\t\t\t<div class=\"elementor-column elementor-col-33 elementor-inner-column elementor-element elementor-element-cf3d034\" data-id=\"cf3d034\" data-element_type=\"column\" data-e-type=\"column\">\n\t\t\t<div class=\"elementor-widget-wrap elementor-element-populated\">\n\t\t\t\t\t\t<div class=\"elementor-element elementor-element-deaac1d elementor-view-default elementor-widget elementor-widget-icon\" data-id=\"deaac1d\" data-element_type=\"widget\" data-e-type=\"widget\" data-widget_type=\"icon.default\">\n\t\t\t\t<div class=\"elementor-widget-container\">\n\t\t\t\t\t\t\t<div class=\"elementor-icon-wrapper\">\n\t\t\t<div class=\"elementor-icon\">\n\t\t\t<i aria-hidden=\"true\" class=\"fas fa-envelope\"><\/i>\t\t\t<\/div>\n\t\t<\/div>\n\t\t\t\t\t\t<\/div>\n\t\t\t\t<\/div>\n\t\t\t\t<div class=\"elementor-element elementor-element-a037916 elementor-widget elementor-widget-text-editor\" data-id=\"a037916\" data-element_type=\"widget\" data-e-type=\"widget\" data-widget_type=\"text-editor.default\">\n\t\t\t\t<div class=\"elementor-widget-container\">\n\t\t\t\t\t\t\t\t\t<p><span style=\"color: #000000;\"><a style=\"color: #000000;\" href=\"mailto:info@medicine-beauty.ch\">info@\u200bmedicine-\u200bbeauty.\u200bch<\/a><\/span><\/p>\n\t\t\t\t\t\t\t\t<\/div>\n\t\t\t\t<\/div>\n\t\t\t\t\t<\/div>\n\t\t<\/div>\n\t\t\t\t<div class=\"elementor-column elementor-col-33 elementor-inner-column elementor-element elementor-element-e16535e\" data-id=\"e16535e\" data-element_type=\"column\" data-e-type=\"column\">\n\t\t\t<div class=\"elementor-widget-wrap elementor-element-populated\">\n\t\t\t\t\t\t<div class=\"elementor-element elementor-element-c0e8eee elementor-view-default elementor-widget elementor-widget-icon\" data-id=\"c0e8eee\" data-element_type=\"widget\" data-e-type=\"widget\" data-widget_type=\"icon.default\">\n\t\t\t\t<div class=\"elementor-widget-container\">\n\t\t\t\t\t\t\t<div class=\"elementor-icon-wrapper\">\n\t\t\t<div class=\"elementor-icon\">\n\t\t\t<i aria-hidden=\"true\" class=\"fas fa-phone-alt\"><\/i>\t\t\t<\/div>\n\t\t<\/div>\n\t\t\t\t\t\t<\/div>\n\t\t\t\t<\/div>\n\t\t\t\t<div class=\"elementor-element elementor-element-95d8d16 elementor-widget elementor-widget-text-editor\" data-id=\"95d8d16\" data-element_type=\"widget\" data-e-type=\"widget\" data-widget_type=\"text-editor.default\">\n\t\t\t\t<div class=\"elementor-widget-container\">\n\t\t\t\t\t\t\t\t\t<p><strong><span style=\"color: #333333;\"><span style=\"color: #000000;\"><a style=\"color: #000000;\" href=\"tel:+41442611001\">T\u00e9l :<\/a><\/span><\/span><span style=\"color: #333333;\"><span style=\"color: #000000;\"><a style=\"color: #000000;\" href=\"tel:+41442611001\"> +41-44-261-1001<\/a><\/span><br><\/span><span style=\"color: #333333;\"><span style=\"color: #000000;\">Fax :<\/span><\/span><span style=\"color: #333333;\"><span style=\"color: #000000;\"><a style=\"color: #000000;\" href=\"http:\/\/+41442611012\" data-wplink-url-error=\"true\" rel=\"nofollow\">+41 44 261&nbsp;1012<\/a><\/span><\/span><\/strong><\/p>\n\t\t\t\t\t\t\t\t<\/div>\n\t\t\t\t<\/div>\n\t\t\t\t\t<\/div>\n\t\t<\/div>\n\t\t\t\t\t<\/div>\n\t\t<\/section>\n\t\t\t\t<section class=\"elementor-section elementor-inner-section elementor-element elementor-element-faafa25 elementor-section-boxed elementor-section-height-default elementor-section-height-default\" data-id=\"faafa25\" data-element_type=\"section\" data-e-type=\"section\" data-settings=\"{&quot;background_background&quot;:&quot;classic&quot;}\">\n\t\t\t\t\t\t\t<div class=\"elementor-background-overlay\"><\/div>\n\t\t\t\t\t\t\t<div class=\"elementor-container elementor-column-gap-default\">\n\t\t\t\t\t<div class=\"elementor-column elementor-col-100 elementor-inner-column elementor-element elementor-element-945fcb4\" data-id=\"945fcb4\" data-element_type=\"column\" data-e-type=\"column\">\n\t\t\t<div class=\"elementor-widget-wrap elementor-element-populated\">\n\t\t\t\t\t\t<div class=\"elementor-element elementor-element-707030e elementor-widget elementor-widget-heading\" data-id=\"707030e\" data-element_type=\"widget\" data-e-type=\"widget\" data-widget_type=\"heading.default\">\n\t\t\t\t<div class=\"elementor-widget-container\">\n\t\t\t\t\t<h2 class=\"elementor-heading-title elementor-size-default\">Heures d'ouverture<\/h2>\t\t\t\t<\/div>\n\t\t\t\t<\/div>\n\t\t\t\t<div class=\"elementor-element elementor-element-59111c0 elementor-widget elementor-widget-text-editor\" data-id=\"59111c0\" data-element_type=\"widget\" data-e-type=\"widget\" data-widget_type=\"text-editor.default\">\n\t\t\t\t<div class=\"elementor-widget-container\">\n\t\t\t\t\t\t\t\t\t<p><strong>Mo.  <\/strong>  08:00 \u00e0&nbsp;13:30 heures<br><strong>Di.<\/strong>  de 10 h&nbsp;00 \u00e0&nbsp;17 h&nbsp;00<br><strong>Me.  <\/strong>  08:00 \u00e0&nbsp;17:00 heures<br><strong>Je.<\/strong>  de 10h00 \u00e0&nbsp;16h00<br><strong>Fr.  <\/strong>  14:00 \u00e0&nbsp;18:00 heures<br><strong>Sa.  <\/strong>  sur rendez-vous&nbsp;<\/p>\n\t\t\t\t\t\t\t\t<\/div>\n\t\t\t\t<\/div>\n\t\t\t\t<div class=\"elementor-element elementor-element-93183c0 elementor-widget elementor-widget-heading\" data-id=\"93183c0\" data-element_type=\"widget\" data-e-type=\"widget\" data-widget_type=\"heading.default\">\n\t\t\t\t<div class=\"elementor-widget-container\">\n\t\t\t\t\t<h3 class=\"elementor-heading-title elementor-size-default\">PARKING POUR LES PATIENTS DANS LA&nbsp;COUR&nbsp;<\/h3>\t\t\t\t<\/div>\n\t\t\t\t<\/div>\n\t\t\t\t\t<\/div>\n\t\t<\/div>\n\t\t\t\t\t<\/div>\n\t\t<\/section>\n\t\t\t\t\t<\/div>\n\t\t<\/div>\n\t\t\t\t\t<\/div>\n\t\t<\/section>\n\t\t\t\t<\/div>\n\t\t","protected":false},"excerpt":{"rendered":"<p>Contact Institut de m\u00e9decine esth\u00e9\u00adtique, anti-\u00e2ge et chirurgie esth\u00e9\u00adtique Dr. med. Peter L. Dietz Am R\u00f6merhof,&nbsp;Zurich Klosbach\u00adstrasse 1068032 Zurich,&nbsp;Suisse info@\u200bmedicine-\u200bbeauty.\u200bch T\u00e9l : +41-44-261-1001Fax :+41 44 261&nbsp;1012 Heures d'ouverture Mo. 08:00 \u00e0&nbsp;13:30 heuresDi. de 10 h&nbsp;00 \u00e0&nbsp;17 h&nbsp;00Me. 08:00 \u00e0&nbsp;17:00 heuresJe. de 10h00 \u00e0&nbsp;16h00Fr. 14:00 \u00e0&nbsp;18:00 heuresSa. sur rendez-vous&nbsp; PARKING POUR LES PATIENTS DANS LA&nbsp;COUR&nbsp;<\/p>\n","protected":false},"author":1,"featured_media":0,"parent":0,"menu_order":0,"comment_status":"closed","ping_status":"closed","template":"","meta":{"wp_typography_post_enhancements_disabled":false,"footnotes":""},"class_list":["post-4268","page","type-page","status-publish","hentry"],"_links":{"self":[{"href":"https:\/\/medicine-beauty.ch\/fr\/wp-json\/wp\/v2\/pages\/4268","targetHints":{"allow":["GET"]}}],"collection":[{"href":"https:\/\/medicine-beauty.ch\/fr\/wp-json\/wp\/v2\/pages"}],"about":[{"href":"https:\/\/medicine-beauty.ch\/fr\/wp-json\/wp\/v2\/types\/page"}],"author":[{"embeddable":true,"href":"https:\/\/medicine-beauty.ch\/fr\/wp-json\/wp\/v2\/users\/1"}],"replies":[{"embeddable":true,"href":"https:\/\/medicine-beauty.ch\/fr\/wp-json\/wp\/v2\/comments?post=4268"}],"version-history":[{"count":1,"href":"https:\/\/medicine-beauty.ch\/fr\/wp-json\/wp\/v2\/pages\/4268\/revisions"}],"predecessor-version":[{"id":4269,"href":"https:\/\/medicine-beauty.ch\/fr\/wp-json\/wp\/v2\/pages\/4268\/revisions\/4269"}],"wp:attachment":[{"href":"https:\/\/medicine-beauty.ch\/fr\/wp-json\/wp\/v2\/media?parent=4268"}],"curies":[{"name":"wp","href":"https:\/\/api.w.org\/{rel}","templated":true}]}}