{"id":4264,"date":"2024-09-19T10:56:13","date_gmt":"2024-09-19T10:56:13","guid":{"rendered":"https:\/\/testsystem.medicine-beauty.ch\/declaration-de-confidentialite\/"},"modified":"2024-12-23T16:58:57","modified_gmt":"2024-12-23T16:58:57","slug":"declaration-de-confidentialite","status":"publish","type":"page","link":"https:\/\/medicine-beauty.ch\/fr\/declaration-de-confidentialite\/","title":{"rendered":"D\u00e9cla\u00adra\u00adtion de confidentialit\u00e9"},"content":{"rendered":"\t\t<div data-elementor-type=\"wp-page\" data-elementor-id=\"4264\" class=\"elementor elementor-4264 elementor-1686\" data-elementor-post-type=\"page\">\n\t\t\t\t\t\t<section class=\"elementor-section elementor-top-section elementor-element elementor-element-9af4c6f elementor-section-height-min-height elementor-section-boxed elementor-section-height-default elementor-section-items-middle\" data-id=\"9af4c6f\" data-element_type=\"section\" data-e-type=\"section\" id=\"top-section\" data-settings=\"{&quot;background_background&quot;:&quot;classic&quot;}\">\n\t\t\t\t\t\t\t<div class=\"elementor-background-overlay\"><\/div>\n\t\t\t\t\t\t\t<div class=\"elementor-container elementor-column-gap-default\">\n\t\t\t\t\t<div class=\"elementor-column elementor-col-100 elementor-top-column elementor-element elementor-element-3456b94\" data-id=\"3456b94\" data-element_type=\"column\" data-e-type=\"column\">\n\t\t\t<div class=\"elementor-widget-wrap elementor-element-populated\">\n\t\t\t\t\t\t<div class=\"elementor-element elementor-element-886a864 elementor-widget elementor-widget-heading\" data-id=\"886a864\" data-element_type=\"widget\" data-e-type=\"widget\" data-widget_type=\"heading.default\">\n\t\t\t\t<div class=\"elementor-widget-container\">\n\t\t\t\t\t<h1 class=\"elementor-heading-title elementor-size-default\">D\u00c9CLA\u00adRA\u00adTION DE CONFIDENTIALIT\u00c9<\/h1>\t\t\t\t<\/div>\n\t\t\t\t<\/div>\n\t\t\t\t\t<\/div>\n\t\t<\/div>\n\t\t\t\t\t<\/div>\n\t\t<\/section>\n\t\t\t\t<section class=\"elementor-section elementor-top-section elementor-element elementor-element-db5897c elementor-section-boxed elementor-section-height-default elementor-section-height-default\" data-id=\"db5897c\" data-element_type=\"section\" data-e-type=\"section\">\n\t\t\t\t\t\t<div class=\"elementor-container elementor-column-gap-default\">\n\t\t\t\t\t<div class=\"elementor-column elementor-col-100 elementor-top-column elementor-element elementor-element-0a3a5ec\" data-id=\"0a3a5ec\" data-element_type=\"column\" data-e-type=\"column\">\n\t\t\t<div class=\"elementor-widget-wrap elementor-element-populated\">\n\t\t\t\t\t\t<div class=\"elementor-element elementor-element-3c26ad7 elementor-widget elementor-widget-text-editor\" data-id=\"3c26ad7\" data-element_type=\"widget\" data-e-type=\"widget\" data-widget_type=\"text-editor.default\">\n\t\t\t\t<div class=\"elementor-widget-container\">\n\t\t\t\t\t\t\t\t\t<p>confor\u00adm\u00e9\u00adment aux exigences de la loi f\u00e9d\u00e9rale suisse sur la protec\u00adtion des donn\u00e9es (LPD)<\/p>\n<h3>1 Identit\u00e9 et coordon\u00adn\u00e9es du responsable<\/h3>\n<p><strong>Le responsable au sens de la LPD est&nbsp;la&nbsp;:<\/strong><\/p>\n<p>Medicine&amp;Beauty AG<br>Klosbach\u00adstrasse 106<br>8032 Zurich<br>Suisse<\/p>\n<p>T\u00e9l : <span style=\"color: #333333;\"><a style=\"color: #333333;\" href=\"tel:+41442611001\">0041-44-261-1001<\/a><br><\/span>Courrier \u00e9lectro\u00adni\u00adque : <span style=\"color: #333333;\"><a style=\"color: #333333;\" href=\"mailto:info@medicine-beautyAG.ch\">info@\u200bmedicine-\u200bbeautyAG.\u200bch<\/a><br><\/span>Site web : <span style=\"color: #333333;\"><a style=\"color: #333333;\" href=\"http:\/\/www.medicine-beautyag.ch\" rel=\"nofollow noopener\" target=\"_blank\">www\u200b.medicine\u200b-beautyag\u200b.ch<\/a><\/span> <\/p>\n<h3>2 Mise \u00e0&nbsp;dispo\u00adsi\u00adtion du site web (fichiers journaux)<\/h3>\n<p><strong>2.1 Descrip\u00adtion et \u00e9tendue du traite\u00adment des donn\u00e9es<\/strong><br>Lorsque vous acc\u00e9dez \u00e0&nbsp;notre site web, c'est-\u00e0-dire m\u00eame si vous ne vous enregist\u00adrez pas ou ne trans\u00admet\u00adtez pas d'informations d'une autre mani\u00e8re, des infor\u00adma\u00adti\u00adons de nature g\u00e9n\u00e9rale sont automa\u00adti\u00adquement collec\u00adt\u00e9es. Ces infor\u00adma\u00adti\u00adons (fichiers journaux du serveur) compren\u00adnent par exemple le type de naviga\u00adteur Web, le syst\u00e8me d'exploitation utilis\u00e9, le nom de domaine de votre fournis\u00adseur d'acc\u00e8s Internet, votre adresse IP, l'URL de r\u00e9f\u00e9rence, la date et l'heure d'acc\u00e8s et d'autres infor\u00adma\u00adti\u00adons similaires.&nbsp;<\/p>\n<p><strong>Elles sont notamment trait\u00e9es aux fins suivantes&nbsp;:<\/strong><\/p>\n<p>(1) assurer une connexion sans probl\u00e8me au site&nbsp;web,<\/p>\n<p>(2) assurer le bon fonction\u00adne\u00adment de notre site web,&nbsp;et<\/p>\n<p>(3) assurer et \u00e9valuer la s\u00e9curit\u00e9 et la stabilit\u00e9 du syst\u00e8me, notamment pour d\u00e9tecter les abus,&nbsp;et<\/p>\n<p>(4) pour une pr\u00e9sen\u00adta\u00adtion techni\u00adquement correcte et l'optimisation de notre site&nbsp;web.<\/p>\n<p>Ces donn\u00e9es sont \u00e9galement stock\u00e9es dans les fichiers journaux de notre syst\u00e8me. Ces donn\u00e9es ne sont pas enregis\u00adtr\u00e9es avec d'autres donn\u00e9es person\u00adnel\u00adles de l'utilisateur. Nous n'utilisons pas vos donn\u00e9es pour tirer des conclu\u00adsi\u00adons sur votre personne. Nous nous r\u00e9servons toutefois le droit de v\u00e9rifier ult\u00e9ri\u00adeu\u00adre\u00adment les fichiers journaux du serveur si des indices concrets laissent supposer une utili\u00adsa\u00adtion ill\u00e9gale.&nbsp;<\/p>\n<p><strong>2.2 Desti\u00adna\u00adtai\u00adres des donn\u00e9es<br><\/strong>Pour l'exploitation et la mainten\u00adance de notre site web, nous faisons appel \u00e0&nbsp;des presta\u00adtai\u00adres de services qui agissent en tant que nos sous-traitants. Tous les presta\u00adtai\u00adres de services sont contrac\u00adtu\u00adel\u00adle\u00adment tenus de traiter vos donn\u00e9es de mani\u00e8re confidentielle.<\/p>\n<p><strong>2.3 Transfert \u00e0&nbsp;l'\u00e9tranger<\/strong><br>Un traite\u00adment a&nbsp;\u00e9galement lieu en dehors de la Suisse, notamment en Allemagne.<\/p>\n<p>L'Allemagne est consid\u00e9\u00adr\u00e9e comme ayant un niveau de protec\u00adtion des donn\u00e9es \u00e9quiva\u00adlent. Les donn\u00e9es person\u00adnel\u00adles peuvent donc y&nbsp;\u00eatre trans\u00adf\u00e9\u00adr\u00e9es sans autre mesure de protection.&nbsp;<\/p>\n<p>Une protec\u00adtion appro\u00adpri\u00e9e des donn\u00e9es est assur\u00e9e&nbsp;par<\/p>\n<p>o clauses de protec\u00adtion des donn\u00e9es dans un contrat entre les parties contrac\u00adtan\u00adtes, qui ont \u00e9t\u00e9 pr\u00e9ala\u00adblem\u00adent commu\u00adni\u00adqu\u00e9es au&nbsp;PFPDT<\/p>\n<p>o les clauses standard de protec\u00adtion des donn\u00e9es que le PFPDT a&nbsp;pr\u00e9ala\u00adblem\u00adent approu\u00adv\u00e9es, d\u00e9livr\u00e9es ou reconnues<\/p>\n<p>o R\u00e8gles d'entreprise contraignantes<\/p>\n<p>est garantie.<\/p>\n<h3>3 Prise de contact<\/h3>\n<p><strong>3.1 Descrip\u00adtion et \u00e9tendue du traite\u00adment des donn\u00e9es<\/strong><br>Notre site Internet comporte un formu\u00adlaire de contact qui peut \u00eatre utilis\u00e9 pour la prise de contact \u00e9lectro\u00adni\u00adque. Si vous utilisez cette possi\u00adbi\u00adlit\u00e9, les donn\u00e9es person\u00adnel\u00adles saisies dans le masque de saisie nous seront trans\u00admi\u00adses et enregis\u00adtr\u00e9es. Le traite\u00adment de vos donn\u00e9es person\u00adnel\u00adles nous sert uniquement \u00e0&nbsp;traiter votre demande.&nbsp;<\/p>\n<p>Au moment de l'envoi du message, les donn\u00e9es suivantes sont \u00e9galement trans\u00admi\u00adses et enregistr\u00e9es&nbsp;:<\/p>\n<p>(1) Date et heure de la demande<\/p>\n<p>(2) URL \u00e0&nbsp;partir de laquelle la requ\u00eate a&nbsp;\u00e9t\u00e9 effectu\u00e9e<\/p>\n<p>(3) Adresse&nbsp;IP&nbsp;<\/p>\n<p>Il est \u00e9galement possible de prendre contact via les adresses e-mail fournies. Dans ce cas, les donn\u00e9es person\u00adnel\u00adles de l'utilisateur trans\u00admi\u00adses par e-mail sont enregis\u00adtr\u00e9es. Il s'agit notamment des donn\u00e9es suivantes&nbsp;<\/p>\n<p>(4) Date et heure de la demande<\/p>\n<p>(5) URL \u00e0&nbsp;partir de laquelle la requ\u00eate a&nbsp;\u00e9t\u00e9 effectu\u00e9e<\/p>\n<p>(6) Adresse&nbsp;IP&nbsp;<\/p>\n<p>ainsi que des infor\u00adma\u00adti\u00adons sur les serveurs impliqu\u00e9s dans la commu\u00adni\u00adca\u00adtion par courrier \u00e9lectronique.<\/p>\n<p>Vous pouvez \u00e9galement nous contacter via le num\u00e9ro de t\u00e9l\u00e9phone mis \u00e0&nbsp;votre dispo\u00adsi\u00adtion. Dans ce cas, nous collec\u00adtons des donn\u00e9es de protocole qui compren\u00adnent votre num\u00e9ro de t\u00e9l\u00e9phone et la dur\u00e9e de la conver\u00adsa\u00adtion. Nous n'enregistrons pas les conversations.&nbsp;<\/p>\n<p><strong>3.2 Desti\u00adna\u00adtai\u00adres des donn\u00e9es<\/strong><br>Notre site web est g\u00e9r\u00e9 par des presta\u00adtai\u00adres de services qui agissent en tant que sous-traitants. Si vous nous envoyez une demande de devis, les presta\u00adtai\u00adres de services auxquels nous faisons appel peuvent recevoir des donn\u00e9es \u00e0&nbsp;ces fins, dans la mesure o\u00f9 ils ont besoin de ces donn\u00e9es pour ex\u00e9cuter leurs presta\u00adti\u00adons respec\u00adti\u00adves (par ex. services infor\u00adma\u00adti\u00adques).  Tous les presta\u00adtai\u00adres de services sont contrac\u00adtu\u00adel\u00adle\u00adment tenus de traiter vos donn\u00e9es de mani\u00e8re confidentielle.<\/p>\n<p><strong>3.3 Transfert \u00e0&nbsp;l'\u00e9tranger<\/strong><br>Un traite\u00adment a&nbsp;\u00e9galement lieu en dehors de la Suisse, notamment en Allemagne.<\/p>\n<p>L'Allemagne est consid\u00e9\u00adr\u00e9e comme ayant un niveau de protec\u00adtion des donn\u00e9es \u00e9quiva\u00adlent. Les donn\u00e9es person\u00adnel\u00adles peuvent donc y&nbsp;\u00eatre trans\u00adf\u00e9\u00adr\u00e9es sans autre mesure de protection.&nbsp;<\/p>\n<p>Une protec\u00adtion appro\u00adpri\u00e9e des donn\u00e9es est assur\u00e9e&nbsp;par<\/p>\n<p>o clauses de protec\u00adtion des donn\u00e9es dans un contrat entre les parties contrac\u00adtan\u00adtes, qui ont \u00e9t\u00e9 pr\u00e9ala\u00adblem\u00adent commu\u00adni\u00adqu\u00e9es au&nbsp;PFPDT<\/p>\n<p>o les clauses standard de protec\u00adtion des donn\u00e9es que le PFPDT a&nbsp;pr\u00e9ala\u00adblem\u00adent approu\u00adv\u00e9es, d\u00e9livr\u00e9es ou reconnues<\/p>\n<p>o R\u00e8gles d'entreprise contraignantes<\/p>\n<p>est garantie.<\/p>\n<h3>4 Enregis\u00adtre\u00adment<\/h3>\n<p><strong>4.1 Descrip\u00adtion et \u00e9tendue du traite\u00adment des donn\u00e9es<\/strong><br>Sur notre site web, nous vous offrons la possi\u00adbi\u00adlit\u00e9 de vous enregis\u00adtrer en indiquant vos donn\u00e9es person\u00adnel\u00adles. Les donn\u00e9es sont saisies dans un masque de saisie et nous sont trans\u00admi\u00adses et enregis\u00adtr\u00e9es. Les donn\u00e9es ne sont pas trans\u00admi\u00adses \u00e0&nbsp;des tiers. Les donn\u00e9es suivantes sont collec\u00adt\u00e9es dans le cadre du processus d'enregistrement :   <\/p>\n<p>(1) Pr\u00e9nom, nom de famille<\/p>\n<p>(2) Adresse \u00e9lectronique<\/p>\n<p>(3) Mot de&nbsp;passe<\/p>\n<p>Au moment de l'enregistrement, les donn\u00e9es suivantes sont \u00e9galement enregistr\u00e9es&nbsp;:<\/p>\n<p>(1) Adresse&nbsp;IP<\/p>\n<p>(2) Date et heure d'enregistrement<\/p>\n<p>Dans le cadre du processus d'enregistrement, nous vous demandons votre consen\u00adte\u00adment pour le traite\u00adment de ces donn\u00e9es.<\/p>\n<p>Votre inscrip\u00adtion est n\u00e9ces\u00adsaire pour la mise \u00e0&nbsp;dispo\u00adsi\u00adtion de certains contenus et services sur notre&nbsp;site.<\/p>\n<p><strong>4.2 Desti\u00adna\u00adtai\u00adres des donn\u00e9es<\/strong><br>Pour le processus d'enregistrement, nous faisons appel \u00e0&nbsp;des presta\u00adtai\u00adres de services techni\u00adques qui agissent en tant que nos sous-traitants. Tous les presta\u00adtai\u00adres de services sont contrac\u00adtu\u00adel\u00adle\u00adment tenus de traiter vos donn\u00e9es de mani\u00e8re confidentielle.<\/p>\n<p><strong>4.3 Transfert \u00e0&nbsp;l'\u00e9tranger<\/strong><br>Un traite\u00adment a&nbsp;\u00e9galement lieu en dehors de la Suisse, notamment en Allemagne.<\/p>\n<p>L'Allemagne est consid\u00e9\u00adr\u00e9e comme ayant un niveau de protec\u00adtion des donn\u00e9es \u00e9quiva\u00adlent. Les donn\u00e9es person\u00adnel\u00adles peuvent donc y&nbsp;\u00eatre trans\u00adf\u00e9\u00adr\u00e9es sans autre mesure de protection.&nbsp;<\/p>\n<p>Une protec\u00adtion appro\u00adpri\u00e9e des donn\u00e9es est assur\u00e9e&nbsp;par<\/p>\n<p>o clauses de protec\u00adtion des donn\u00e9es dans un contrat entre les parties contrac\u00adtan\u00adtes, qui ont \u00e9t\u00e9 pr\u00e9ala\u00adblem\u00adent commu\u00adni\u00adqu\u00e9es au&nbsp;PFPDT<\/p>\n<p>o les clauses standard de protec\u00adtion des donn\u00e9es que le PFPDT a&nbsp;pr\u00e9ala\u00adblem\u00adent approu\u00adv\u00e9es, d\u00e9livr\u00e9es ou reconnues<\/p>\n<p>o R\u00e8gles d'entreprise contraignantes<\/p>\n<p>est garantie.<\/p>\n<h3>5 Utili\u00adsa\u00adtion des cookies<\/h3>\n<p><strong>5.1 Descrip\u00adtion et port\u00e9e du traite\u00adment des donn\u00e9es<\/strong><br>Un cookie est un petit ensemble de donn\u00e9es cr\u00e9\u00e9 lors de la visite d'un site web et stock\u00e9 tempo\u00adrai\u00adre\u00adment sur le syst\u00e8me de l'utilisateur. Si le serveur de ce site web est appel\u00e9 \u00e0&nbsp;nouveau par ce syst\u00e8me, le naviga\u00adteur renvoie le cookie pr\u00e9c\u00e9\u00addem\u00adment re\u00e7u au serveur. Le serveur peut \u00e9valuer les infor\u00adma\u00adti\u00adons obtenues par cette proc\u00e9dure. Les cookies peuvent notamment faciliter la naviga\u00adtion sur un site&nbsp;web.&nbsp;<\/p>\n<p>Les cookies aident \u00e0&nbsp;rendre un site web utili\u00adsable en permet\u00adtant des fonctions de base telles que la naviga\u00adtion sur le site et l'acc\u00e8s \u00e0&nbsp;des zones s\u00e9curi\u00ads\u00e9es du&nbsp;site.<\/p>\n<p><strong>5.2 Utili\u00adsa\u00adtion de cookies techni\u00adquement n\u00e9ces\u00adsaires<\/strong><br>Certaines fonctions de notre site Internet ne peuvent pas \u00eatre propos\u00e9es sans l'utilisation de cookies. Pour celles-ci, il est n\u00e9ces\u00adsaire que le naviga\u00adteur soit reconnu m\u00eame apr\u00e8s un change\u00adment de&nbsp;page.&nbsp;<\/p>\n<p>Nous utilisons des cookies aux fins suivantes&nbsp;:<\/p>\n<p>Les donn\u00e9es suivantes sont alors stock\u00e9es et trans\u00admi\u00adses dans les cookies&nbsp;:<\/p>\n<p>(1) Gestion du consentement<\/p>\n<p>(2) Param\u00e8\u00adtres de&nbsp;langue<\/p>\n<p>(3) Articles dans un&nbsp;panier<\/p>\n<p>(4) Infor\u00adma\u00adti\u00adons de connexion<\/p>\n<p>(5) Enregis\u00adtre\u00adment  <\/p>\n<p><strong>5.3 Utili\u00adsa\u00adtion de cookies non n\u00e9ces\u00adsaires d'un point de vue technique<\/strong><br>Nous utilisons \u00e9galement sur le site web des cookies qui permet\u00adtent d'analyser le comporte\u00adment de naviga\u00adtion des utili\u00adsa\u00adteurs. Ces cookies sont utilis\u00e9s pour rendre l'utilisation du site plus efficace et plus attra\u00adyante. Nous utilisons les techno\u00adlo\u00adgies d'analyse web des fournis\u00adseurs suivants&nbsp;:&nbsp;<\/p>\n<p>(1) Google Analytics<\/p>\n<p>Ce site utilise Google Analytics, un service d'analyse de site internet fourni par Google Inc (\"Google\"). Google Analytics utilise des \"cookies\", des fichiers texte qui sont stock\u00e9s sur votre ordina\u00adteur et qui permet\u00adtent d'analyser votre utili\u00adsa\u00adtion du site Web. Les infor\u00adma\u00adti\u00adons g\u00e9n\u00e9r\u00e9es par le cookie concer\u00adnant votre utili\u00adsa\u00adtion de ce site Web sont g\u00e9n\u00e9ra\u00adle\u00adment trans\u00admi\u00adses \u00e0&nbsp;un serveur de Google aux \u00c9tats-Unis et y&nbsp;sont stock\u00e9es. Toutefois, si l'anonymisation IP est activ\u00e9e sur ce site, votre adresse IP sera pr\u00e9ala\u00adblem\u00adent abr\u00e9g\u00e9e par Google dans les \u00c9tats membres de l'Union europ\u00e9\u00adenne ou dans d'autres \u00c9tats parties \u00e0&nbsp;l'accord sur l'Espace \u00e9cono\u00admi\u00adque europ\u00e9en.&nbsp;<\/p>\n<p>Ce n'est que dans des cas excep\u00adti\u00adon\u00adnels que l'adresse IP compl\u00e8te est transmise \u00e0&nbsp;un serveur de Google aux \u00c9tats-Unis et y&nbsp;est abr\u00e9g\u00e9e. Google utilisera cette infor\u00adma\u00adtion pour le compte de l'op\u00e9rateur du site afin d'\u00e9valuer votre utili\u00adsa\u00adtion du site, de compiler des rapports sur l'activit\u00e9 du site et de fournir d'autres services relatifs \u00e0&nbsp;l'activit\u00e9 du site et \u00e0&nbsp;l'utilisation d'Internet \u00e0&nbsp;l'op\u00e9rateur du site. L'adresse IP transmise par votre naviga\u00adteur dans le cadre de Google Analytics ne sera pas recoup\u00e9e avec d'autres donn\u00e9es de&nbsp;Google.&nbsp;<\/p>\n<div>\n<p>Vous pouvez emp\u00eacher l'enregistrement des cookies en param\u00e9\u00adtrant votre naviga\u00adteur en cons\u00e9\u00adquence ; nous attirons toutefois votre attention sur le fait que, dans ce cas, vous ne pourrez peut-\u00eatre pas utiliser toutes les fonctions de ce site web dans leur int\u00e9gra\u00adlit\u00e9. Vous pouvez en outre emp\u00eacher la saisie par Google des donn\u00e9es g\u00e9n\u00e9r\u00e9es par le cookie et se rapportant \u00e0&nbsp;votre utili\u00adsa\u00adtion du site web (y compris votre adresse IP) ainsi que le traite\u00adment de ces donn\u00e9es par Google en t\u00e9l\u00e9char\u00adgeant et en installant le plug-in de naviga\u00adteur dispo\u00adnible sous le lien suivant <span style><a style href target rel>: http:\/\/\u200btools\u200b.google\u200b.com\/\u200bd\u200bl\u200bp\u200ba\u200bg\u200be\u200b\/\u200bg\u200ba\u200bo\u200bp\u200bt\u200bo\u200bu\u200bt\u200b?\u200bhl=de.<\/a><\/span> <\/p>\n<\/div>\n<p><strong>5.4 Desti\u00adna\u00adtai\u00adres des donn\u00e9es<\/strong><br>Pour l'exploitation et la mainten\u00adance de notre site web, nous faisons appel \u00e0&nbsp;des presta\u00adtai\u00adres de services techni\u00adques qui agissent en tant que nos sous-traitants.<\/p>\n<p>Vous trouverez dans le tableau ci-dessous d'autres desti\u00adna\u00adtai\u00adres et des d\u00e9tails sur le fonction\u00adne\u00adment technique des outils utilis\u00e9s, ainsi que des infor\u00adma\u00adti\u00adons sur la mani\u00e8re dont vous pouvez emp\u00eacher le transfert de donn\u00e9es (tracking) .<\/p>\n<p>Tous les presta\u00adtai\u00adres de services sont contrac\u00adtu\u00adel\u00adle\u00adment tenus de traiter vos donn\u00e9es de mani\u00e8re confidentielle.<\/p>\n<p><strong>5.5 Transfert \u00e0&nbsp;l'\u00e9tranger<\/strong><br>Un traite\u00adment a&nbsp;\u00e9galement lieu en dehors de la Suisse, notamment en Allemagne.<\/p>\n<p>L'Allemagne est consid\u00e9\u00adr\u00e9e comme ayant un niveau de protec\u00adtion des donn\u00e9es \u00e9quiva\u00adlent. Les donn\u00e9es person\u00adnel\u00adles peuvent donc y&nbsp;\u00eatre trans\u00adf\u00e9\u00adr\u00e9es sans autre mesure de protection.&nbsp;<\/p>\n<p>Une protec\u00adtion appro\u00adpri\u00e9e des donn\u00e9es est assur\u00e9e&nbsp;par<\/p>\n<p>o clauses de protec\u00adtion des donn\u00e9es dans un contrat entre les parties contrac\u00adtan\u00adtes, qui ont \u00e9t\u00e9 pr\u00e9ala\u00adblem\u00adent commu\u00adni\u00adqu\u00e9es au&nbsp;PFPDT<\/p>\n<p>o les clauses standard de protec\u00adtion des donn\u00e9es que le PFPDT a&nbsp;pr\u00e9ala\u00adblem\u00adent approu\u00adv\u00e9es, d\u00e9livr\u00e9es ou reconnues<\/p>\n<p>o R\u00e8gles d'entreprise contraignantes<\/p>\n<p>est garantie.<\/p>\n<p>5.6 Cookies utilis\u00e9s<br>Nom<\/p>\n<p>H\u00f4te<\/p>\n<p>Dur\u00e9e<\/p>\n<p>Art<\/p>\n<p>Descrip\u00adtion<\/p>\n<h3>6 Mesure de la&nbsp;port\u00e9e<\/h3>\n<p><strong>6.1 Descrip\u00adtion et \u00e9tendue du traite\u00adment des donn\u00e9es<\/strong><br>Nous \u00e9valuons le comporte\u00adment des utili\u00adsa\u00adteurs \u00e0&nbsp;l'aide d'outils d'analyse. Vous trouverez une descrip\u00adtion plus d\u00e9taill\u00e9e de ces outils dans le chapitre \"Outils d'analyse\" de la pr\u00e9sente d\u00e9cla\u00adra\u00adtion de confidentialit\u00e9.&nbsp;<\/p>\n<p>Le traite\u00adment est effectu\u00e9 sur la base de notre int\u00e9r\u00eat l\u00e9gitime. La mesure de l'audience et les infor\u00adma\u00adti\u00adons qui en d\u00e9coulent sont appro\u00adpri\u00e9es pour adapter l'offre&nbsp;web.&nbsp;<\/p>\n<p><strong>6.2 Desti\u00adna\u00adtai\u00adres des donn\u00e9es<\/strong><br>Pour l'exploitation et la mainten\u00adance de notre site web, nous faisons appel \u00e0&nbsp;des presta\u00adtai\u00adres de services techni\u00adques qui agissent en tant que nos sous-traitants. Tous les presta\u00adtai\u00adres de services sont contrac\u00adtu\u00adel\u00adle\u00adment tenus de traiter vos donn\u00e9es de mani\u00e8re confidentielle.<\/p>\n<p><strong>6.3 Transfert \u00e0&nbsp;l'\u00e9tranger<\/strong><br>Un traite\u00adment a&nbsp;\u00e9galement lieu en dehors de la Suisse, notamment en Allemagne.<\/p>\n<p>L'Allemagne est consid\u00e9\u00adr\u00e9e comme ayant un niveau de protec\u00adtion des donn\u00e9es \u00e9quiva\u00adlent. Les donn\u00e9es person\u00adnel\u00adles peuvent donc y&nbsp;\u00eatre trans\u00adf\u00e9\u00adr\u00e9es sans autre mesure de protection.&nbsp;<\/p>\n<p>Une protec\u00adtion appro\u00adpri\u00e9e des donn\u00e9es est assur\u00e9e&nbsp;par<\/p>\n<p>o clauses de protec\u00adtion des donn\u00e9es dans un contrat entre les parties contrac\u00adtan\u00adtes, qui ont \u00e9t\u00e9 pr\u00e9ala\u00adblem\u00adent commu\u00adni\u00adqu\u00e9es au&nbsp;PFPDT<\/p>\n<p>o les clauses standard de protec\u00adtion des donn\u00e9es que le PFPDT a&nbsp;pr\u00e9ala\u00adblem\u00adent approu\u00adv\u00e9es, d\u00e9livr\u00e9es ou reconnues<\/p>\n<p>o R\u00e8gles d'entreprise contraignantes<\/p>\n<p>est garantie.<\/p>\n<h3>7 Droits de la personne concern\u00e9e<\/h3>\n<p>Vous disposez des droits suivants en ce qui concerne les donn\u00e9es person\u00adnel\u00adles vous concernant&nbsp;:<\/p>\n<p>- le droit d'obtenir des infor\u00adma\u00adti\u00adons sur les donn\u00e9es person\u00adnel\u00adles que nous d\u00e9tenons \u00e0&nbsp;votre sujet et sur la mani\u00e8re dont nous les traitons&nbsp;;<\/p>\n<p>- le droit de recevoir une copie de vos donn\u00e9es person\u00adnel\u00adles dans un format courant&nbsp;;<\/p>\n<p>- le droit de rectifier vos donn\u00e9es personnelles&nbsp;;<\/p>\n<p>- le droit de demander la suppres\u00adsion de vos donn\u00e9es personnelles&nbsp;;<\/p>\n<p>- le droit de vous opposer au traite\u00adment de vos donn\u00e9es personnelles.<\/p>\n<p>Veuillez noter que ces droits sont soumis \u00e0&nbsp;des excep\u00adti\u00adons. Dans la mesure o\u00f9 la loi le permet, nous pouvons refuser votre demande d'exercice de ces&nbsp;droits.&nbsp;<\/p>\n<p>Vous pouvez \u00e0&nbsp;tout moment r\u00e9voquer votre consen\u00adte\u00adment au traite\u00adment de vos donn\u00e9es person\u00adnel\u00adles. Veuillez noter que la r\u00e9voca\u00adtion n'a d'effet que pour l'avenir. Les traite\u00adments effectu\u00e9s avant la r\u00e9voca\u00adtion ne sont pas concern\u00e9s.&nbsp;<\/p>\n<p>Pour obtenir des infor\u00adma\u00adti\u00adons sur les donn\u00e9es person\u00adnel\u00adles que nous traitons, veuillez envoyer votre demande d'acc\u00e8s \u00e0&nbsp;info@\u200bmedicine-\u200bbeautyAG.\u200bch<\/p>\n<p>Vous avez \u00e9galement le droit de d\u00e9poser une plainte aupr\u00e8s du Pr\u00e9pos\u00e9 f\u00e9d\u00e9ral \u00e0&nbsp;la protec\u00adtion des donn\u00e9es et \u00e0&nbsp;la trans\u00adpa\u00adrence (PFPDT).<\/p>\n<p><strong>Cette d\u00e9cla\u00adra\u00adtion de confi\u00adden\u00adtia\u00adlit\u00e9 a&nbsp;\u00e9t\u00e9 r\u00e9dig\u00e9e avec l'aide de www\u200b.active\u200bmind\u200b.ch - les experts en mati\u00e8re de protec\u00adtion des donn\u00e9es et de s\u00e9curit\u00e9 de l'information.<\/strong><\/p>\n\t\t\t\t\t\t\t\t<\/div>\n\t\t\t\t<\/div>\n\t\t\t\t\t<\/div>\n\t\t<\/div>\n\t\t\t\t\t<\/div>\n\t\t<\/section>\n\t\t\t\t<\/div>\n\t\t","protected":false},"excerpt":{"rendered":"<p>D\u00c9CLA\u00adRA\u00adTION DE CONFI\u00adDEN\u00adTIA\u00adLIT\u00c9 confor\u00adm\u00e9\u00adment aux exigences de la loi f\u00e9d\u00e9rale suisse sur la protec\u00adtion des donn\u00e9es (LPD) 1&nbsp;Identit\u00e9 et coordon\u00adn\u00e9es du responsable Le responsable au sens de la LPD est&nbsp;la&nbsp;: Medicine&amp;Beauty AGKlosbach\u00adstrasse 1068032 ZurichSu\u00adisse T\u00e9l : 0041-44-261-1001Cour\u00adrier \u00e9lectro\u00adni\u00adque : info@\u200bmedicine-\u200bbeautyAG.\u200bchSite web : www\u200b.medicine\u200b-beautyag\u200b.ch 2&nbsp;Mise \u00e0&nbsp;dispo\u00adsi\u00adtion du site web (fichiers journaux) 2.1 Descrip\u00adtion&nbsp;et&nbsp;[\u2026]<\/p>\n","protected":false},"author":1,"featured_media":0,"parent":0,"menu_order":0,"comment_status":"closed","ping_status":"closed","template":"","meta":{"wp_typography_post_enhancements_disabled":false,"footnotes":""},"class_list":["post-4264","page","type-page","status-publish","hentry"],"_links":{"self":[{"href":"https:\/\/medicine-beauty.ch\/fr\/wp-json\/wp\/v2\/pages\/4264","targetHints":{"allow":["GET"]}}],"collection":[{"href":"https:\/\/medicine-beauty.ch\/fr\/wp-json\/wp\/v2\/pages"}],"about":[{"href":"https:\/\/medicine-beauty.ch\/fr\/wp-json\/wp\/v2\/types\/page"}],"author":[{"embeddable":true,"href":"https:\/\/medicine-beauty.ch\/fr\/wp-json\/wp\/v2\/users\/1"}],"replies":[{"embeddable":true,"href":"https:\/\/medicine-beauty.ch\/fr\/wp-json\/wp\/v2\/comments?post=4264"}],"version-history":[{"count":2,"href":"https:\/\/medicine-beauty.ch\/fr\/wp-json\/wp\/v2\/pages\/4264\/revisions"}],"predecessor-version":[{"id":4447,"href":"https:\/\/medicine-beauty.ch\/fr\/wp-json\/wp\/v2\/pages\/4264\/revisions\/4447"}],"wp:attachment":[{"href":"https:\/\/medicine-beauty.ch\/fr\/wp-json\/wp\/v2\/media?parent=4264"}],"curies":[{"name":"wp","href":"https:\/\/api.w.org\/{rel}","templated":true}]}}